{"id":8,"date":"2024-04-02T20:12:07","date_gmt":"2024-04-02T17:12:07","guid":{"rendered":"http:\/\/aksarayteknoyapi.com.tr\/?page_id=8"},"modified":"2024-05-06T23:15:55","modified_gmt":"2024-05-06T20:15:55","slug":"hakkimizda","status":"publish","type":"page","link":"https:\/\/aksarayteknoyapi.com.tr\/index.php\/hakkimizda\/","title":{"rendered":"Hakk\u0131m\u0131zda"},"content":{"rendered":"<h1>Biz Kimiz?<\/h1>\n<p>Merhaba! Biz, in\u015faat sekt\u00f6r\u00fcndeki faaliyetlerimize 2007 y\u0131l\u0131nda Orhan Acun \u00f6nc\u00fcl\u00fc\u011f\u00fcnde ba\u015flad\u0131k. Kurumsalla\u015fman\u0131n \u00f6neminin fark\u0131nda olan \u015firketimiz, 2011 y\u0131l\u0131nda Aksaray Tekno Yap\u0131 \u0130zolasyon H\u0131rd. \u0130n\u015f. ve Malz. Nak. San. Ltd. \u015eti. \u00e7at\u0131s\u0131 alt\u0131nda topland\u0131 ve faaliyetlerimize h\u0131z verdik.<\/p>\n<h2>Vizyonumuz<\/h2>\n<p>Aksaray Tekno Yap\u0131 \u0130zolasyon H\u0131rd. \u0130n\u015f. ve Malz. Nak. San. Ltd. \u015eti.&#8217;nin vizyonu, in\u015faat sekt\u00f6r\u00fcnde lider bir konuma gelerek kaliteli projelerle m\u00fc\u015fterilerimizin beklentilerini a\u015fmakt\u0131r.<\/p>\n<h2>Misyonumuz<\/h2>\n<p>M\u00fc\u015fteri memnuniyetini her \u015feyin \u00f6n\u00fcnde tutarak, in\u015faat projelerinde kaliteyi, g\u00fcveni ve \u00e7evreye duyarl\u0131l\u0131\u011f\u0131 en \u00fcst d\u00fczeyde tutmak ve s\u00fcrekli geli\u015fmek i\u00e7in \u00e7aba harcamaktay\u0131z.<\/p>\n<h2>Ekibimiz<\/h2>\n<p>Aksaray Tekno Yap\u0131 \u0130zolasyon H\u0131rd. \u0130n\u015f. ve Malz. Nak. San. Ltd. \u015eti., uzmanla\u015fm\u0131\u015f ve deneyimli bir ekiple \u00e7al\u0131\u015fmaktad\u0131r. Her bir ekibimiz \u00fcyesi, sekt\u00f6rdeki en son teknolojileri ve en iyi uygulama y\u00f6ntemlerini kullanarak m\u00fc\u015fterilerimize en iyi hizmeti sunmak i\u00e7in \u00e7aba g\u00f6stermektedir.<\/p>\n<h2>De\u011ferlerimiz<\/h2>\n<ul>\n<li>M\u00fc\u015fteri Memnuniyeti: M\u00fc\u015fterilerimizin ihtiya\u00e7lar\u0131na ve beklentilerine tam olarak yan\u0131t vermek ve onlar\u0131 her zaman memnun etmek.<\/li>\n<li>Kalite: Projelerimizde y\u00fcksek kalite standartlar\u0131n\u0131 korumak ve s\u00fcrekli olarak geli\u015ftirmek.<\/li>\n<li>G\u00fcvenilirlik: S\u00f6z verdi\u011fimiz her \u015feyi zaman\u0131nda ve eksiksiz bir \u015fekilde yerine getirmek.<\/li>\n<li>\u00c7evreye Duyarl\u0131l\u0131k: \u00c7evresel etkileri en aza indirmek i\u00e7in s\u00fcrd\u00fcr\u00fclebilir in\u015faat uygulamalar\u0131n\u0131 benimsemek ve \u00e7evre dostu malzemeleri tercih etmek.<\/li>\n<\/ul>\n","protected":false},"excerpt":{"rendered":"<p>Biz Kimiz? Merhaba! Biz, in\u015faat sekt\u00f6r\u00fcndeki faaliyetlerimize 2007 y\u0131l\u0131nda Orhan Acun \u00f6nc\u00fcl\u00fc\u011f\u00fcnde ba\u015flad\u0131k. Kurumsalla\u015fman\u0131n \u00f6neminin fark\u0131nda olan \u015firketimiz, 2011 y\u0131l\u0131nda Aksaray Tekno Yap\u0131 \u0130zolasyon H\u0131rd. \u0130n\u015f. ve Malz. Nak. San. Ltd. \u015eti. \u00e7at\u0131s\u0131 alt\u0131nda topland\u0131 ve faaliyetlerimize h\u0131z verdik. Vizyonumuz Aksaray Tekno Yap\u0131 \u0130zolasyon H\u0131rd. \u0130n\u015f. ve Malz. Nak. San. Ltd. \u015eti.&#8217;nin vizyonu, in\u015faat sekt\u00f6r\u00fcnde [&hellip;]<\/p>\n","protected":false},"author":1,"featured_media":0,"parent":0,"menu_order":2,"comment_status":"closed","ping_status":"closed","template":"","meta":{"_regular_price":[],"currency_symbol":[],"footnotes":""},"class_list":["post-8","page","type-page","status-publish","hentry"],"post_slider_layout_featured_media_urls":{"thumbnail":"","post_slider_layout_landscape_large":"","post_slider_layout_portrait_large":"","post_slider_layout_square_large":"","post_slider_layout_landscape":"","post_slider_layout_portrait":"","post_slider_layout_square":"","full":""},"_links":{"self":[{"href":"https:\/\/aksarayteknoyapi.com.tr\/index.php\/wp-json\/wp\/v2\/pages\/8","targetHints":{"allow":["GET"]}}],"collection":[{"href":"https:\/\/aksarayteknoyapi.com.tr\/index.php\/wp-json\/wp\/v2\/pages"}],"about":[{"href":"https:\/\/aksarayteknoyapi.com.tr\/index.php\/wp-json\/wp\/v2\/types\/page"}],"author":[{"embeddable":true,"href":"https:\/\/aksarayteknoyapi.com.tr\/index.php\/wp-json\/wp\/v2\/users\/1"}],"replies":[{"embeddable":true,"href":"https:\/\/aksarayteknoyapi.com.tr\/index.php\/wp-json\/wp\/v2\/comments?post=8"}],"version-history":[{"count":1,"href":"https:\/\/aksarayteknoyapi.com.tr\/index.php\/wp-json\/wp\/v2\/pages\/8\/revisions"}],"predecessor-version":[{"id":9,"href":"https:\/\/aksarayteknoyapi.com.tr\/index.php\/wp-json\/wp\/v2\/pages\/8\/revisions\/9"}],"wp:attachment":[{"href":"https:\/\/aksarayteknoyapi.com.tr\/index.php\/wp-json\/wp\/v2\/media?parent=8"}],"curies":[{"name":"wp","href":"https:\/\/api.w.org\/{rel}","templated":true}]}}