{"id":10,"date":"2024-04-02T20:13:43","date_gmt":"2024-04-02T17:13:43","guid":{"rendered":"http:\/\/aksarayteknoyapi.com.tr\/?page_id=10"},"modified":"2024-05-06T23:01:41","modified_gmt":"2024-05-06T20:01:41","slug":"referanslar","status":"publish","type":"page","link":"https:\/\/aksarayteknoyapi.com.tr\/index.php\/referanslar\/","title":{"rendered":"Referanslar"},"content":{"rendered":"<ul>\n<li>SERVET YILMAZ \u0130N\u015eAAT<\/li>\n<li>YALDIR \u0130N\u015eAAT<\/li>\n<li>BAH\u00c7E\u015eEH\u0130R S\u0130TES\u0130 1 VE 2<\/li>\n<li>REMAX EK\u0130NOX GAYR\u0130MENKUL<\/li>\n<li>AKSARAY Z\u0130RRAT ODASI<\/li>\n<li>AKSARAY M\u0130LL\u0130 E\u011e\u0130T\u0130M MD.<\/li>\n<li>G\u00dcM\u00dc\u015eSARAY \u0130N\u015eAAT<\/li>\n<li>NE\u015eE \u0130N\u015eAAT<\/li>\n<li>DETAY YAPI \u00c7APAN AKTA\u015e<\/li>\n<li>AKSARAY ALAY KOMUTANLI\u011eI<\/li>\n<li>ER\u00c7EL\u0130K GER\u0130 D\u00d6N\u00dc\u015e\u00dcM FABR\u0130KASI<\/li>\n<li>SAYNUR TEXT\u0130L ELD\u0130VEN FABR\u0130KASI<\/li>\n<li>C\u0130HATSAN KALS\u0130T FABR\u0130KASI<\/li>\n<li>ALAKU\u015e \u0130N\u015eAAT AYDINLATMA<\/li>\n<li>COL\u0130NS A.\u015e.<\/li>\n<li>AKSARAY MERCEDES BENZ LOJMANLARI<\/li>\n<\/ul>\n","protected":false},"excerpt":{"rendered":"<p>SERVET YILMAZ \u0130N\u015eAAT YALDIR \u0130N\u015eAAT BAH\u00c7E\u015eEH\u0130R S\u0130TES\u0130 1 VE 2 REMAX EK\u0130NOX GAYR\u0130MENKUL AKSARAY Z\u0130RRAT ODASI AKSARAY M\u0130LL\u0130 E\u011e\u0130T\u0130M MD. G\u00dcM\u00dc\u015eSARAY \u0130N\u015eAAT NE\u015eE \u0130N\u015eAAT DETAY YAPI \u00c7APAN AKTA\u015e AKSARAY ALAY KOMUTANLI\u011eI ER\u00c7EL\u0130K GER\u0130 D\u00d6N\u00dc\u015e\u00dcM FABR\u0130KASI SAYNUR TEXT\u0130L ELD\u0130VEN FABR\u0130KASI C\u0130HATSAN KALS\u0130T FABR\u0130KASI ALAKU\u015e \u0130N\u015eAAT AYDINLATMA COL\u0130NS A.\u015e. AKSARAY MERCEDES BENZ LOJMANLARI<\/p>\n","protected":false},"author":1,"featured_media":0,"parent":0,"menu_order":3,"comment_status":"closed","ping_status":"closed","template":"","meta":{"_regular_price":[],"currency_symbol":[],"footnotes":""},"class_list":["post-10","page","type-page","status-publish","hentry"],"post_slider_layout_featured_media_urls":{"thumbnail":"","post_slider_layout_landscape_large":"","post_slider_layout_portrait_large":"","post_slider_layout_square_large":"","post_slider_layout_landscape":"","post_slider_layout_portrait":"","post_slider_layout_square":"","full":""},"_links":{"self":[{"href":"https:\/\/aksarayteknoyapi.com.tr\/index.php\/wp-json\/wp\/v2\/pages\/10","targetHints":{"allow":["GET"]}}],"collection":[{"href":"https:\/\/aksarayteknoyapi.com.tr\/index.php\/wp-json\/wp\/v2\/pages"}],"about":[{"href":"https:\/\/aksarayteknoyapi.com.tr\/index.php\/wp-json\/wp\/v2\/types\/page"}],"author":[{"embeddable":true,"href":"https:\/\/aksarayteknoyapi.com.tr\/index.php\/wp-json\/wp\/v2\/users\/1"}],"replies":[{"embeddable":true,"href":"https:\/\/aksarayteknoyapi.com.tr\/index.php\/wp-json\/wp\/v2\/comments?post=10"}],"version-history":[{"count":2,"href":"https:\/\/aksarayteknoyapi.com.tr\/index.php\/wp-json\/wp\/v2\/pages\/10\/revisions"}],"predecessor-version":[{"id":107,"href":"https:\/\/aksarayteknoyapi.com.tr\/index.php\/wp-json\/wp\/v2\/pages\/10\/revisions\/107"}],"wp:attachment":[{"href":"https:\/\/aksarayteknoyapi.com.tr\/index.php\/wp-json\/wp\/v2\/media?parent=10"}],"curies":[{"name":"wp","href":"https:\/\/api.w.org\/{rel}","templated":true}]}}